{"id":206,"date":"2015-07-14T14:50:10","date_gmt":"2015-07-14T14:50:10","guid":{"rendered":"http:\/\/test.kriesi.at\/minimal-portfolio\/?page_id=9"},"modified":"2026-03-12T14:42:38","modified_gmt":"2026-03-12T13:42:38","slug":"home","status":"publish","type":"page","link":"https:\/\/hansmueller-media.de\/","title":{"rendered":"Home"},"content":{"rendered":"\n<style type=\"text\/css\" data-created_by=\"avia_inline_auto\" id=\"style-css-av-dbfgfq-f0fb8332d3f266721537222ac4c90155\">\n.avia-section.av-dbfgfq-f0fb8332d3f266721537222ac4c90155{\nbackground-color:#f8f8f8;\nbackground-image:unset;\n}\n<\/style>\n<div id='av_section_1'  class='avia-section av-dbfgfq-f0fb8332d3f266721537222ac4c90155 main_color avia-section-default avia-no-border-styling  avia-builder-el-0  el_before_av_section  avia-builder-el-first  avia-bg-style-fixed container_wrap fullsize'  ><div class='container av-section-cont-open' ><main  role=\"main\" itemprop=\"mainContentOfPage\"  class='template-page content  av-content-full alpha units'><div class='post-entry post-entry-type-page post-entry-206'><div class='entry-content-wrapper clearfix'>\n\n<style type=\"text\/css\" data-created_by=\"avia_inline_auto\" id=\"style-css-av-d3kd2u-1ba5cbc23513a83266a0e01fd04abea6\">\n.flex_column.av-d3kd2u-1ba5cbc23513a83266a0e01fd04abea6{\nborder-radius:0px 0px 0px 0px;\npadding:20px 20px 20px 20px;\n}\n<\/style>\n<div  class='flex_column av-d3kd2u-1ba5cbc23513a83266a0e01fd04abea6 av_one_fifth  avia-builder-el-1  el_before_av_three_fifth  avia-builder-el-first  first flex_column_div av-animated-generic right-to-left  '     ><\/div>\n<style type=\"text\/css\" data-created_by=\"avia_inline_auto\" id=\"style-css-av-cxkf5q-8cd7c05ebd748cef2468940fb29b5d30\">\n.flex_column.av-cxkf5q-8cd7c05ebd748cef2468940fb29b5d30{\nborder-radius:0px 0px 0px 0px;\npadding:20px 20px 20px 20px;\n}\n<\/style>\n<div  class='flex_column av-cxkf5q-8cd7c05ebd748cef2468940fb29b5d30 av_three_fifth  avia-builder-el-2  el_after_av_one_fifth  el_before_av_one_fifth  flex_column_div av-animated-generic top-to-bottom  '     ><p>\n<style type=\"text\/css\" data-created_by=\"avia_inline_auto\" id=\"style-css-av-mfmkz68l-e4cf52bc4f7284387d938dc751d5eae8\">\n.avia-image-container.av-mfmkz68l-e4cf52bc4f7284387d938dc751d5eae8 img.avia_image{\nbox-shadow:none;\n}\n.avia-image-container.av-mfmkz68l-e4cf52bc4f7284387d938dc751d5eae8 .av-image-caption-overlay-center{\ncolor:#ffffff;\n}\n<\/style>\n<div  class='avia-image-container av-mfmkz68l-e4cf52bc4f7284387d938dc751d5eae8 av-styling- avia-align-center  avia-builder-el-3  el_before_av_hr  avia-builder-el-first '   itemprop=\"image\" itemscope=\"itemscope\" itemtype=\"https:\/\/schema.org\/ImageObject\" ><div class=\"avia-image-container-inner\"><div class=\"avia-image-overlay-wrap\"><img decoding=\"async\" fetchpriority=\"high\" class='wp-image-539 avia-img-lazy-loading-not-539 avia_image ' src=\"https:\/\/hansmueller-media.de\/wp-content\/uploads\/Logo_Mueller_Media.png\" alt='' title='Logo_Mueller_Media'  height=\"351\" width=\"767\"  itemprop=\"thumbnailUrl\" srcset=\"https:\/\/hansmueller-media.de\/wp-content\/uploads\/Logo_Mueller_Media.png 767w, https:\/\/hansmueller-media.de\/wp-content\/uploads\/Logo_Mueller_Media-600x275.png 600w, https:\/\/hansmueller-media.de\/wp-content\/uploads\/Logo_Mueller_Media-300x137.png 300w, https:\/\/hansmueller-media.de\/wp-content\/uploads\/Logo_Mueller_Media-705x323.png 705w\" sizes=\"(max-width: 767px) 100vw, 767px\" \/><\/div><\/div><\/div><br \/>\n\n<style type=\"text\/css\" data-created_by=\"avia_inline_auto\" id=\"style-css-av-cof1wm-9ac7f9ac2629121424b84215e2d8a7ba\">\n#top .hr.av-cof1wm-9ac7f9ac2629121424b84215e2d8a7ba{\nmargin-top:30px;\nmargin-bottom:30px;\n}\n.hr.av-cof1wm-9ac7f9ac2629121424b84215e2d8a7ba .hr-inner{\nwidth:50px;\nborder-color:#000000;\n}\n<\/style>\n<div  class='hr av-cof1wm-9ac7f9ac2629121424b84215e2d8a7ba hr-custom  avia-builder-el-4  el_after_av_image  el_before_av_textblock  hr-center hr-icon-no'><span class='hr-inner inner-border-av-border-thin'><span class=\"hr-inner-style\"><\/span><\/span><\/div><br \/>\n\n<style type=\"text\/css\" data-created_by=\"avia_inline_auto\" id=\"style-css-av-cgf792-f1bdb0022a913c88366036b4c5b0f7e5\">\n#top .av_textblock_section.av-cgf792-f1bdb0022a913c88366036b4c5b0f7e5 .avia_textblock{\nfont-size:22px;\n}\n<\/style>\n<section  class='av_textblock_section av-cgf792-f1bdb0022a913c88366036b4c5b0f7e5 '   itemscope=\"itemscope\" itemtype=\"https:\/\/schema.org\/CreativeWork\" ><div class='avia_textblock'  itemprop=\"text\" ><p style=\"text-align: center;\">\u201eKlein, aber fein\u201c<\/p>\n<p style=\"text-align: center;\">lautet unser Motto, nach dem wir handeln und produzieren!<br \/>\nEin Verlag, der f\u00fcr kleine Auflagen und au\u00dfergew\u00f6hnliche Themen steht.<\/p>\n<\/div><\/section><\/p><\/div>\n<style type=\"text\/css\" data-created_by=\"avia_inline_auto\" id=\"style-css-av-c6xq1i-6fe15beb1bbb578bba22f067ad8be1a7\">\n.flex_column.av-c6xq1i-6fe15beb1bbb578bba22f067ad8be1a7{\nborder-radius:0px 0px 0px 0px;\npadding:20px 20px 20px 20px;\n}\n<\/style>\n<div  class='flex_column av-c6xq1i-6fe15beb1bbb578bba22f067ad8be1a7 av_one_fifth  avia-builder-el-6  el_after_av_three_fifth  avia-builder-el-last  flex_column_div av-animated-generic right-to-left  '     ><\/div>\n\n<\/div><\/div><\/main><!-- close content main element --><\/div><\/div>\n<style type=\"text\/css\" data-created_by=\"avia_inline_auto\" id=\"style-css-av-mfmj519x-75e04884126b2b118c49d8e4cff033d4\">\n.avia-section.av-mfmj519x-75e04884126b2b118c49d8e4cff033d4{\nbackground-color:#7e0d17;\nbackground-image:unset;\nposition:relative;\n}\n.avia-section.av-mfmj519x-75e04884126b2b118c49d8e4cff033d4 .avia-divider-svg-top svg{\nheight:50px;\nfill:#ffffff;\n}\n<\/style>\n<div id='service'  class='avia-section av-mfmj519x-75e04884126b2b118c49d8e4cff033d4 main_color avia-section-default avia-no-border-styling  avia-builder-el-7  el_after_av_section  el_before_av_section  avia-bg-style-scroll container_wrap fullsize'  ><div class='avia-divider-svg avia-divider-svg-tilt avia-divider-svg-top avia-svg-original'><svg xmlns=\"http:\/\/www.w3.org\/2000\/svg\" viewBox=\"0 0 1000 100\" preserveAspectRatio=\"none\">\n\t<path d=\"M0,6V0h1000v100L0,6z\"\/>\n<\/svg><\/div><div class='container av-section-cont-open' ><div class='template-page content  av-content-full alpha units'><div class='post-entry post-entry-type-page post-entry-206'><div class='entry-content-wrapper clearfix'>\n\n<style type=\"text\/css\" data-created_by=\"avia_inline_auto\" id=\"style-css-av-la5y6-9c97444183a7b973b2999772907d7c00\">\n.flex_column.av-la5y6-9c97444183a7b973b2999772907d7c00{\nborder-radius:0px 0px 0px 0px;\npadding:0px 0px 0px 0px;\n}\n<\/style>\n<div  class='flex_column av-la5y6-9c97444183a7b973b2999772907d7c00 av_one_half  avia-builder-el-8  el_before_av_one_half  avia-builder-el-first  first flex_column_div av-animated-generic right-to-left av-zero-column-padding  '     ><p>\n<style type=\"text\/css\" data-created_by=\"avia_inline_auto\" id=\"style-css-av-gwtli-a674716f681b384360a47f087e091101\">\n#top .av_textblock_section.av-gwtli-a674716f681b384360a47f087e091101 .avia_textblock{\ncolor:#ffffff;\n}\n<\/style>\n<section  class='av_textblock_section av-gwtli-a674716f681b384360a47f087e091101 '   itemscope=\"itemscope\" itemtype=\"https:\/\/schema.org\/CreativeWork\" ><div class='avia_textblock av_inherit_color'  itemprop=\"text\" ><p>Erste Auflage 2026<br \/>\nCopyright, Herausgeber Hans M\u00fcller<\/p>\n<\/div><\/section><br \/>\n\n<style type=\"text\/css\" data-created_by=\"avia_inline_auto\" id=\"style-css-av-mfmiqqdw-cd4b2d3050e3054c6e92f4b157fc1163\">\n#top .av_textblock_section.av-mfmiqqdw-cd4b2d3050e3054c6e92f4b157fc1163 .avia_textblock{\ncolor:#ffffff;\n}\n<\/style>\n<section  class='av_textblock_section av-mfmiqqdw-cd4b2d3050e3054c6e92f4b157fc1163 '   itemscope=\"itemscope\" itemtype=\"https:\/\/schema.org\/CreativeWork\" ><div class='avia_textblock av_inherit_color'  itemprop=\"text\" ><h2>So grillt das BERGISCHE LAND<\/h2>\n<\/div><\/section><br \/>\n\n<style type=\"text\/css\" data-created_by=\"avia_inline_auto\" id=\"style-css-av-mfmiqx58-2a85cc48d54c419fdfb95b229d35c6d7\">\n#top .av_textblock_section.av-mfmiqx58-2a85cc48d54c419fdfb95b229d35c6d7 .avia_textblock{\ncolor:#ffffff;\n}\n<\/style>\n<section  class='av_textblock_section av-mfmiqx58-2a85cc48d54c419fdfb95b229d35c6d7 '   itemscope=\"itemscope\" itemtype=\"https:\/\/schema.org\/CreativeWork\" ><div class='avia_textblock av_inherit_color'  itemprop=\"text\" ><p>\u201e&#8230;Das Bergische Land ist selbst reinste Poesie \u2013 aus Bergen, Fl\u00fcssen, Stauseen, T\u00e4lern, gro\u00dfen St\u00e4dten und \u2013 gegens\u00e4tzlicher geht es kaum \u2013 uralten D\u00f6rfern mit ihren typischen Schiefer- u nd Fachwerkh\u00e4uschen. So reizvoll diese Landschaft auch sein mag, aufgrund ihrer Topografie und dem kargen Boden ist hier fast ausschlie\u00dflich eine Landwirtschaft mit Tieren m\u00f6glich. Mit h\u00fcgeligen Weidefl\u00e4chen, deren Bewirtschaftung den Bauern viel abverlangt.<\/p>\n<p>Dieser Umstand ist f\u00fcr uns Griller aber willkommen, k\u00f6nnen wir doch unsere Zutaten direkt aus der N\u00e4he beziehen. Ob Gefl\u00fcgel, Schwein oder Rind, die Vielfalt der Angebote aus dieser Region ist schon enorm. Und auch die vielen Angelteiche bieten uns ein gro\u00dfes Sortiment schmackhafter Fische.\u201c<\/p>\n<\/div><\/section><\/p><\/div><div  class='flex_column av-6t15a-681aeaa9682a1c4c5edbc05ebefdaf52 av_one_half  avia-builder-el-12  el_after_av_one_half  avia-builder-el-last  flex_column_div  '     ><style type=\"text\/css\" data-created_by=\"avia_inline_auto\" id=\"style-css-av-mfmis2iu-f3f4f0209637cadd22617ecdca738693\">\n.avia-image-container.av-mfmis2iu-f3f4f0209637cadd22617ecdca738693 img.avia_image{\nbox-shadow:none;\n}\n.avia-image-container.av-mfmis2iu-f3f4f0209637cadd22617ecdca738693 .av-image-caption-overlay-center{\ncolor:#ffffff;\n}\n<\/style>\n<div  class='avia-image-container av-mfmis2iu-f3f4f0209637cadd22617ecdca738693 av-styling- av-img-linked avia-align-center  avia-builder-el-13  avia-builder-el-no-sibling '   itemprop=\"image\" itemscope=\"itemscope\" itemtype=\"https:\/\/schema.org\/ImageObject\" ><div class=\"avia-image-container-inner\"><div class=\"avia-image-overlay-wrap\"><a href=\"https:\/\/hansmueller-media.de\/?product=so-grillt-das-bergische-land\" class='avia_image '  aria-label='grillen_bergisches_land_buch'><img decoding=\"async\" fetchpriority=\"high\" class='wp-image-476 avia-img-lazy-loading-not-476 avia_image ' src=\"https:\/\/hansmueller-media.de\/wp-content\/uploads\/grillen_bergisches_land_buch-1030x542.png\" alt='' title='grillen_bergisches_land_buch'  height=\"542\" width=\"1030\"  itemprop=\"thumbnailUrl\" srcset=\"https:\/\/hansmueller-media.de\/wp-content\/uploads\/grillen_bergisches_land_buch-1030x542.png 1030w, https:\/\/hansmueller-media.de\/wp-content\/uploads\/grillen_bergisches_land_buch-600x316.png 600w, https:\/\/hansmueller-media.de\/wp-content\/uploads\/grillen_bergisches_land_buch-300x158.png 300w, https:\/\/hansmueller-media.de\/wp-content\/uploads\/grillen_bergisches_land_buch-768x404.png 768w, https:\/\/hansmueller-media.de\/wp-content\/uploads\/grillen_bergisches_land_buch-1536x809.png 1536w, https:\/\/hansmueller-media.de\/wp-content\/uploads\/grillen_bergisches_land_buch-2048x1079.png 2048w, https:\/\/hansmueller-media.de\/wp-content\/uploads\/grillen_bergisches_land_buch-1500x790.png 1500w, https:\/\/hansmueller-media.de\/wp-content\/uploads\/grillen_bergisches_land_buch-710x375.png 710w, https:\/\/hansmueller-media.de\/wp-content\/uploads\/grillen_bergisches_land_buch-705x371.png 705w\" sizes=\"(max-width: 1030px) 100vw, 1030px\" \/><\/a><\/div><\/div><\/div><\/div><\/div><\/div><\/div><!-- close content main div --><\/div><\/div>\n<style type=\"text\/css\" data-created_by=\"avia_inline_auto\" id=\"style-css-av-8tq8e6-186aa07f49f4f1996e65dcbd4559ad5d\">\n.avia-section.av-8tq8e6-186aa07f49f4f1996e65dcbd4559ad5d{\nposition:relative;\n}\n.avia-section.av-8tq8e6-186aa07f49f4f1996e65dcbd4559ad5d .avia-divider-svg-top svg{\nheight:50px;\nfill:#7e0d17;\n}\n<\/style>\n<div id='av_section_3'  class='avia-section av-8tq8e6-186aa07f49f4f1996e65dcbd4559ad5d main_color avia-section-default avia-no-border-styling  avia-builder-el-14  el_after_av_section  el_before_av_section  avia-bg-style-scroll container_wrap fullsize'  ><div class='avia-divider-svg avia-divider-svg-tilt avia-divider-svg-top avia-svg-original'><svg xmlns=\"http:\/\/www.w3.org\/2000\/svg\" viewBox=\"0 0 1000 100\" preserveAspectRatio=\"none\">\n\t<path d=\"M0,6V0h1000v100L0,6z\"\/>\n<\/svg><\/div><div class='container av-section-cont-open' ><div class='template-page content  av-content-full alpha units'><div class='post-entry post-entry-type-page post-entry-206'><div class='entry-content-wrapper clearfix'>\n<div  class='flex_column av-fou9i-c51fd614bd9840721f284d4ff5c4ba8a av_one_half  avia-builder-el-15  el_before_av_one_half  avia-builder-el-first  first flex_column_div  '     ><p>\n<style type=\"text\/css\" data-created_by=\"avia_inline_auto\" id=\"style-css-av-mhoru1md-dd1118974bb5ddcde30dcbcd8cf35741\">\n.avia-image-container.av-mhoru1md-dd1118974bb5ddcde30dcbcd8cf35741 img.avia_image{\nbox-shadow:none;\n}\n.avia-image-container.av-mhoru1md-dd1118974bb5ddcde30dcbcd8cf35741 .av-image-caption-overlay-center{\ncolor:#ffffff;\n}\n<\/style>\n<div  class='avia-image-container av-mhoru1md-dd1118974bb5ddcde30dcbcd8cf35741 av-styling- av-img-linked avia-align-center  avia-builder-el-16  el_before_av_image  avia-builder-el-first '   itemprop=\"image\" itemscope=\"itemscope\" itemtype=\"https:\/\/schema.org\/ImageObject\" ><div class=\"avia-image-container-inner\"><div class=\"avia-image-overlay-wrap\"><a href=\"https:\/\/hansmueller-media.de\/?product=so-schmeckt-es-auf-boa-vista-die-kreolische-kueche\" class='avia_image '  aria-label='boavista_buch'><img decoding=\"async\" fetchpriority=\"high\" class='wp-image-469 avia-img-lazy-loading-not-469 avia_image ' src=\"https:\/\/hansmueller-media.de\/wp-content\/uploads\/boavista_buch-845x684.png\" alt='' title='boavista_buch'  height=\"684\" width=\"845\"  itemprop=\"thumbnailUrl\" srcset=\"https:\/\/hansmueller-media.de\/wp-content\/uploads\/boavista_buch-845x684.png 845w, https:\/\/hansmueller-media.de\/wp-content\/uploads\/boavista_buch-495x400.png 495w\" sizes=\"(max-width: 845px) 100vw, 845px\" \/><\/a><\/div><\/div><\/div><br \/>\n<\/p><\/div>\n<style type=\"text\/css\" data-created_by=\"avia_inline_auto\" id=\"style-css-av-bj8gm-3dbb3d8137047e156dd2aa648cca0b5a\">\n.flex_column.av-bj8gm-3dbb3d8137047e156dd2aa648cca0b5a{\nborder-radius:0px 0px 0px 0px;\npadding:0px 0px 0px 0px;\n}\n<\/style>\n<div  class='flex_column av-bj8gm-3dbb3d8137047e156dd2aa648cca0b5a av_one_half  avia-builder-el-18  el_after_av_one_half  avia-builder-el-last  flex_column_div av-animated-generic right-to-left av-zero-column-padding  '     ><p><section  class='av_textblock_section av-mel6ph2i-a142440220f442d9958a601781cfdd86 '   itemscope=\"itemscope\" itemtype=\"https:\/\/schema.org\/CreativeWork\" ><div class='avia_textblock av_inherit_color'  itemprop=\"text\" ><p>Erste Auflage 2025<br \/>\nCopyright, Herausgeber Hans M\u00fcller<\/p>\n<\/div><\/section><br \/>\n<section  class='av_textblock_section av-bdkmhi-921b11b8cfa7269bb8a5e25a57969c56 '   itemscope=\"itemscope\" itemtype=\"https:\/\/schema.org\/CreativeWork\" ><div class='avia_textblock av_inherit_color'  itemprop=\"text\" ><h2>Boa Vista &#8211; die kreolische k\u00fcche<\/h2>\n<\/div><\/section><br \/>\n<section  class='av_textblock_section av-mel6pv1j-f47c5c0e1e0957c3f82825333ae09ae9 '   itemscope=\"itemscope\" itemtype=\"https:\/\/schema.org\/CreativeWork\" ><div class='avia_textblock av_inherit_color'  itemprop=\"text\" ><p>Die Faszination der Kapverdischen Insel Boa Vista l\u00e4sst sich am besten so beschreiben:<\/p>\n<p>Die atemberaubende Landschaft mit traumhaften Str\u00e4nden.<br \/>\nDie ausgesprochen liebenswerte Gastfreundschaft.<br \/>\nDie bunte Vielfalt der kreolischen K\u00fcche.<\/p>\n<p>Diese K\u00fcche ist ein Spiegelbild der lebendigen Kultur und Ausdruck der Lebensfreude der Inselbewohner.<br \/>\nIn diesem Buch entlocken wir den einheimischen K\u00f6chen ihre Kunst der Zubereitung und den Geheimnissen ihrer Zutaten.<\/p>\n<p>Begeben Sie sich mit uns auf eine Reise in die kapverdische Kulinarik.<\/p>\n<\/div><\/section><\/p><\/div><\/div><\/div><\/div><!-- close content main div --><\/div><\/div>\n<style type=\"text\/css\" data-created_by=\"avia_inline_auto\" id=\"style-css-av-c27v2m-f5baea9b5f58c46cdff779ac766470b6\">\n.avia-section.av-c27v2m-f5baea9b5f58c46cdff779ac766470b6{\nbackground-color:#7e0d17;\nbackground-image:unset;\nposition:relative;\n}\n.avia-section.av-c27v2m-f5baea9b5f58c46cdff779ac766470b6 .avia-divider-svg-top svg{\nheight:50px;\nfill:#f8f8f8;\n}\n<\/style>\n<div id='service'  class='avia-section av-c27v2m-f5baea9b5f58c46cdff779ac766470b6 main_color avia-section-large avia-no-border-styling  avia-builder-el-22  el_after_av_section  el_before_av_section  avia-bg-style-scroll container_wrap fullsize'  ><div class='avia-divider-svg avia-divider-svg-tilt avia-divider-svg-top avia-svg-original'><svg xmlns=\"http:\/\/www.w3.org\/2000\/svg\" viewBox=\"0 0 1000 100\" preserveAspectRatio=\"none\">\n\t<path d=\"M0,6V0h1000v100L0,6z\"\/>\n<\/svg><\/div><div class='container av-section-cont-open' ><div class='template-page content  av-content-full alpha units'><div class='post-entry post-entry-type-page post-entry-206'><div class='entry-content-wrapper clearfix'>\n\n<style type=\"text\/css\" data-created_by=\"avia_inline_auto\" id=\"style-css-av-16u2ti-7be41231565974b5b11aee688973bf34\">\n.flex_column.av-16u2ti-7be41231565974b5b11aee688973bf34{\nborder-radius:0px 0px 0px 0px;\npadding:0px 0px 0px 0px;\n}\n<\/style>\n<div  class='flex_column av-16u2ti-7be41231565974b5b11aee688973bf34 av_one_half  avia-builder-el-23  el_before_av_one_half  avia-builder-el-first  first flex_column_div av-animated-generic right-to-left av-zero-column-padding  '     ><p>\n<style type=\"text\/css\" data-created_by=\"avia_inline_auto\" id=\"style-css-av-mel72coo-aae5757e40c1429771af3bbf81699022\">\n#top .av_textblock_section.av-mel72coo-aae5757e40c1429771af3bbf81699022 .avia_textblock{\ncolor:#ffffff;\n}\n<\/style>\n<section  class='av_textblock_section av-mel72coo-aae5757e40c1429771af3bbf81699022 '   itemscope=\"itemscope\" itemtype=\"https:\/\/schema.org\/CreativeWork\" ><div class='avia_textblock av_inherit_color'  itemprop=\"text\" ><p>Erste Auflage November 1988<br \/>\nCopyright, Herausgeber Hans M\u00fcller<\/p>\n<\/div><\/section><br \/>\n\n<style type=\"text\/css\" data-created_by=\"avia_inline_auto\" id=\"style-css-av-mel70yvw-a28296bf055225f0cc0b62c379eac961\">\n#top .av_textblock_section.av-mel70yvw-a28296bf055225f0cc0b62c379eac961 .avia_textblock{\ncolor:#ffffff;\n}\n<\/style>\n<section  class='av_textblock_section av-mel70yvw-a28296bf055225f0cc0b62c379eac961 '   itemscope=\"itemscope\" itemtype=\"https:\/\/schema.org\/CreativeWork\" ><div class='avia_textblock av_inherit_color'  itemprop=\"text\" ><h2>Kleine Vollkorn-Backstube &#8211; Brotb\u00e4ckerei<\/h2>\n<\/div><\/section><br \/>\n\n<style type=\"text\/css\" data-created_by=\"avia_inline_auto\" id=\"style-css-av-mel714qx-6dfb4897c6979b4a8f5dfb0acd660410\">\n#top .av_textblock_section.av-mel714qx-6dfb4897c6979b4a8f5dfb0acd660410 .avia_textblock{\ncolor:#ffffff;\n}\n<\/style>\n<section  class='av_textblock_section av-mel714qx-6dfb4897c6979b4a8f5dfb0acd660410 '   itemscope=\"itemscope\" itemtype=\"https:\/\/schema.org\/CreativeWork\" ><div class='avia_textblock av_inherit_color'  itemprop=\"text\" ><p><strong>\u201eKleine Vollkorn-Backstube \u2013 Brotb\u00e4ckerei\u201c<\/strong> l\u00e4dt Sie ein auf eine Reise durch die duftende und vielf\u00e4ltige Welt des Brotbackens. Ob klassisches Weizenbrot, Rosinenstuten oder exotische indische Capatis \u2013 dieses Buch bietet Ihnen eine F\u00fclle an Rezepten und fundiertem Wissen rund um Hefe- und Sauerteigbrote.<\/p>\n<p>Mit leicht verst\u00e4ndlichen Anleitungen und praktischen Tipps lernen Sie alles \u00fcber das Ansetzen, Mischen, Kneten, Formen, Reifen und Backen Ihrer eigenen Brotkreationen. Ideal f\u00fcr Einsteiger und Hobbyb\u00e4cker, die Wert auf nat\u00fcrliche Zutaten und echtes Handwerk legen.<\/p>\n<p>Entdecken Sie, wie erf\u00fcllend es ist, Brot mit Herz und Hand selbst zu backen \u2013 ganz ohne Zusatzstoffe, daf\u00fcr mit viel Geschmack und Liebe zum Detail.<\/p>\n<\/div><\/section><\/p><\/div><div  class='flex_column av-a3piu-5ec40a719b4c38cbd11e7263befd8865 av_one_half  avia-builder-el-27  el_after_av_one_half  avia-builder-el-last  flex_column_div  '     ><style type=\"text\/css\" data-created_by=\"avia_inline_auto\" id=\"style-css-av-mel6ume4-3cfa2ba1a3e99dff547eb74e849b4863\">\n.avia-image-container.av-mel6ume4-3cfa2ba1a3e99dff547eb74e849b4863 img.avia_image{\nbox-shadow:none;\n}\n.avia-image-container.av-mel6ume4-3cfa2ba1a3e99dff547eb74e849b4863 .av-image-caption-overlay-center{\ncolor:#ffffff;\n}\n<\/style>\n<div  class='avia-image-container av-mel6ume4-3cfa2ba1a3e99dff547eb74e849b4863 av-styling- av-img-linked avia-align-center  avia-builder-el-28  avia-builder-el-no-sibling '   itemprop=\"image\" itemscope=\"itemscope\" itemtype=\"https:\/\/schema.org\/ImageObject\" ><div class=\"avia-image-container-inner\"><div class=\"avia-image-overlay-wrap\"><a href=\"https:\/\/hansmueller-media.de\/?product=kleine-vollkorn-backstube-brotbaeckerei\" class='avia_image '  aria-label='Vollkornbackstube-Front-Ansicht-quad'><img decoding=\"async\" fetchpriority=\"high\" class='wp-image-632 avia-img-lazy-loading-not-632 avia_image ' src=\"https:\/\/hansmueller-media.de\/wp-content\/uploads\/Vollkornbackstube-Front-Ansicht-quad-845x684.jpg\" alt='' title='Vollkornbackstube-Front-Ansicht-quad'  height=\"684\" width=\"845\"  itemprop=\"thumbnailUrl\" srcset=\"https:\/\/hansmueller-media.de\/wp-content\/uploads\/Vollkornbackstube-Front-Ansicht-quad-845x684.jpg 845w, https:\/\/hansmueller-media.de\/wp-content\/uploads\/Vollkornbackstube-Front-Ansicht-quad-495x400.jpg 495w\" sizes=\"(max-width: 845px) 100vw, 845px\" \/><\/a><\/div><\/div><\/div><\/div><\/div><\/div><\/div><!-- close content main div --><\/div><\/div>\n<style type=\"text\/css\" data-created_by=\"avia_inline_auto\" id=\"style-css-av-6lu8we-cb9c546828ba23e2d21bb4834b065856\">\n.avia-section.av-6lu8we-cb9c546828ba23e2d21bb4834b065856{\nbackground-color:#f8f8f8;\nbackground-image:unset;\nposition:relative;\n}\n.avia-section.av-6lu8we-cb9c546828ba23e2d21bb4834b065856 .avia-divider-svg-top svg{\nheight:50px;\nfill:#7e0d17;\n}\n<\/style>\n<div id='work'  class='avia-section av-6lu8we-cb9c546828ba23e2d21bb4834b065856 main_color avia-section-default avia-no-border-styling  avia-builder-el-29  el_after_av_section  avia-builder-el-last  avia-bg-style-scroll container_wrap fullsize'  ><div class='avia-divider-svg avia-divider-svg-tilt avia-divider-svg-top avia-svg-original'><svg xmlns=\"http:\/\/www.w3.org\/2000\/svg\" viewBox=\"0 0 1000 100\" preserveAspectRatio=\"none\">\n\t<path d=\"M0,6V0h1000v100L0,6z\"\/>\n<\/svg><\/div><div class='container av-section-cont-open' ><div class='template-page content  av-content-full alpha units'><div class='post-entry post-entry-type-page post-entry-206'><div class='entry-content-wrapper clearfix'>\n\n<style type=\"text\/css\" data-created_by=\"avia_inline_auto\" id=\"style-css-av-6b51m6-d5b0ed36f931d0a59ed31a5ac180e232\">\n#top .av-special-heading.av-6b51m6-d5b0ed36f931d0a59ed31a5ac180e232{\npadding-bottom:40px;\nfont-size:65px;\n}\nbody .av-special-heading.av-6b51m6-d5b0ed36f931d0a59ed31a5ac180e232 .av-special-heading-tag .heading-char{\nfont-size:25px;\n}\n#top #wrap_all .av-special-heading.av-6b51m6-d5b0ed36f931d0a59ed31a5ac180e232 .av-special-heading-tag{\nfont-size:65px;\n}\n.av-special-heading.av-6b51m6-d5b0ed36f931d0a59ed31a5ac180e232 .av-subheading{\nfont-size:15px;\n}\n\n@media only screen and (min-width: 480px) and (max-width: 767px){ \n#top #wrap_all .av-special-heading.av-6b51m6-d5b0ed36f931d0a59ed31a5ac180e232 .av-special-heading-tag{\nfont-size:0.8em;\n}\n}\n\n@media only screen and (max-width: 479px){ \n#top #wrap_all .av-special-heading.av-6b51m6-d5b0ed36f931d0a59ed31a5ac180e232 .av-special-heading-tag{\nfont-size:0.8em;\n}\n}\n<\/style>\n<div  class='av-special-heading av-6b51m6-d5b0ed36f931d0a59ed31a5ac180e232 av-special-heading-h3 blockquote modern-quote  avia-builder-el-30  el_before_av_textblock  avia-builder-el-first  av-inherit-size'><h3 class='av-special-heading-tag '  itemprop=\"headline\"  >In Planung<\/h3><div class=\"special-heading-border\"><div class=\"special-heading-inner-border\"><\/div><\/div><\/div>\n<section  class='av_textblock_section av-mel703vo-c9b42f34a58d37155f011e3727850159 '   itemscope=\"itemscope\" itemtype=\"https:\/\/schema.org\/CreativeWork\" ><div class='avia_textblock'  itemprop=\"text\" ><p>Spannende neue Buchthemen \u2013 f\u00fcr alle zug\u00e4nglich und inspirierend.<\/p>\n<\/div><\/section>\n<\/p>\n","protected":false},"excerpt":{"rendered":"","protected":false},"author":1,"featured_media":0,"parent":0,"menu_order":0,"comment_status":"open","ping_status":"closed","template":"","meta":{"footnotes":""},"class_list":["post-206","page","type-page","status-publish","hentry"],"_links":{"self":[{"href":"https:\/\/hansmueller-media.de\/index.php?rest_route=\/wp\/v2\/pages\/206","targetHints":{"allow":["GET"]}}],"collection":[{"href":"https:\/\/hansmueller-media.de\/index.php?rest_route=\/wp\/v2\/pages"}],"about":[{"href":"https:\/\/hansmueller-media.de\/index.php?rest_route=\/wp\/v2\/types\/page"}],"author":[{"embeddable":true,"href":"https:\/\/hansmueller-media.de\/index.php?rest_route=\/wp\/v2\/users\/1"}],"replies":[{"embeddable":true,"href":"https:\/\/hansmueller-media.de\/index.php?rest_route=%2Fwp%2Fv2%2Fcomments&post=206"}],"version-history":[{"count":35,"href":"https:\/\/hansmueller-media.de\/index.php?rest_route=\/wp\/v2\/pages\/206\/revisions"}],"predecessor-version":[{"id":656,"href":"https:\/\/hansmueller-media.de\/index.php?rest_route=\/wp\/v2\/pages\/206\/revisions\/656"}],"wp:attachment":[{"href":"https:\/\/hansmueller-media.de\/index.php?rest_route=%2Fwp%2Fv2%2Fmedia&parent=206"}],"curies":[{"name":"wp","href":"https:\/\/api.w.org\/{rel}","templated":true}]}}