{"id":541,"date":"2025-09-16T14:07:26","date_gmt":"2025-09-16T12:07:26","guid":{"rendered":"https:\/\/hansmueller-media.de\/?post_type=product&#038;p=541"},"modified":"2026-03-12T14:43:08","modified_gmt":"2026-03-12T13:43:08","slug":"so-schmeckt-es-auf-boa-vista-die-kreolische-kueche","status":"publish","type":"product","link":"https:\/\/hansmueller-media.de\/?product=so-schmeckt-es-auf-boa-vista-die-kreolische-kueche","title":{"rendered":"So schmeckt es auf Boa Vista &#8211; Die kreolische K\u00fcche"},"content":{"rendered":"<p>Wir schauen in die Kocht\u00f6pfe der P\u00e9rola Bar und gehen dem Geheimnis der kreolischen K\u00fcche auf die Spur.<br \/>\nIn diesem Buch erfahren Sie alles \u00fcber die Kochk\u00fcnste auf Boa Vista.<\/p>\n<p>Die kreolische K\u00fcche ist ein faszinierendes Beispiel f\u00fcr die kulturelle Vielfalt und den kulinarischen Reichtum von Boa Vista.<\/p>\n","protected":false},"excerpt":{"rendered":"<p>Wir schauen in die Kocht\u00f6pfe der P\u00e9rola Bar und gehen dem Geheimnis der kreolischen K\u00fcche auf die Spur. In diesem Buch erfahren Sie alles \u00fcber die Kochk\u00fcnste auf Boa Vista. Die kreolische K\u00fcche ist ein faszinierendes Beispiel f\u00fcr die kulturelle Vielfalt und den kulinarischen Reichtum von Boa Vista.<\/p>\n","protected":false},"featured_media":542,"comment_status":"open","ping_status":"closed","template":"","meta":[],"product_brand":[],"product_cat":[27],"product_tag":[29,28,30,31],"class_list":{"0":"post-541","1":"product","2":"type-product","3":"status-publish","4":"has-post-thumbnail","6":"product_cat-buecher","7":"product_tag-boa-vista","8":"product_tag-buch","9":"product_tag-die-kreolische-kueche","10":"product_tag-kochbuch","11":"product_shipping_class-buchversand","13":"first","14":"instock","15":"shipping-taxable","16":"purchasable","17":"product-type-simple"},"_links":{"self":[{"href":"https:\/\/hansmueller-media.de\/index.php?rest_route=\/wp\/v2\/product\/541","targetHints":{"allow":["GET"]}}],"collection":[{"href":"https:\/\/hansmueller-media.de\/index.php?rest_route=\/wp\/v2\/product"}],"about":[{"href":"https:\/\/hansmueller-media.de\/index.php?rest_route=\/wp\/v2\/types\/product"}],"replies":[{"embeddable":true,"href":"https:\/\/hansmueller-media.de\/index.php?rest_route=%2Fwp%2Fv2%2Fcomments&post=541"}],"wp:featuredmedia":[{"embeddable":true,"href":"https:\/\/hansmueller-media.de\/index.php?rest_route=\/wp\/v2\/media\/542"}],"wp:attachment":[{"href":"https:\/\/hansmueller-media.de\/index.php?rest_route=%2Fwp%2Fv2%2Fmedia&parent=541"}],"wp:term":[{"taxonomy":"product_brand","embeddable":true,"href":"https:\/\/hansmueller-media.de\/index.php?rest_route=%2Fwp%2Fv2%2Fproduct_brand&post=541"},{"taxonomy":"product_cat","embeddable":true,"href":"https:\/\/hansmueller-media.de\/index.php?rest_route=%2Fwp%2Fv2%2Fproduct_cat&post=541"},{"taxonomy":"product_tag","embeddable":true,"href":"https:\/\/hansmueller-media.de\/index.php?rest_route=%2Fwp%2Fv2%2Fproduct_tag&post=541"}],"curies":[{"name":"wp","href":"https:\/\/api.w.org\/{rel}","templated":true}]}}