{"id":624,"date":"2025-11-07T12:20:49","date_gmt":"2025-11-07T11:20:49","guid":{"rendered":"https:\/\/hansmueller-media.de\/?post_type=product&#038;p=624"},"modified":"2025-12-25T23:03:45","modified_gmt":"2025-12-25T22:03:45","slug":"kleine-vollkorn-backstube-brotbaeckerei","status":"publish","type":"product","link":"https:\/\/hansmueller-media.de\/?product=kleine-vollkorn-backstube-brotbaeckerei","title":{"rendered":"Kleine Vollkorn-Backstube \u2013 Brotb\u00e4ckerei"},"content":{"rendered":"<div class=\"flex_column av-bj8gm-3dbb3d8137047e156dd2aa648cca0b5a av_one_half avia-builder-el-17 el_after_av_one_half avia-builder-el-last flex_column_div av-animated-generic right-to-left av-zero-column-padding avia_start_animation avia_start_delayed_animation\">\n<section class=\"av_textblock_section av-mel714qx-b7d11fb694dd2f12f3e1f72e03ef95db \">\n<div class=\"avia_textblock\">\n<p><strong>\u201eKleine Vollkorn-Backstube \u2013 Brotb\u00e4ckerei\u201c<\/strong> l\u00e4dt Sie ein auf eine Reise durch die duftende und vielf\u00e4ltige Welt des Brotbackens. Ob klassisches Weizenbrot, Rosinenstuten oder exotische indische Capatis \u2013 dieses Buch bietet Ihnen eine F\u00fclle an Rezepten und fundiertem Wissen rund um Hefe- und Sauerteigbrote.<\/p>\n<p>Mit leicht verst\u00e4ndlichen Anleitungen und praktischen Tipps lernen Sie alles \u00fcber das Ansetzen, Mischen, Kneten, Formen, Reifen und Backen Ihrer eigenen Brotkreationen. Ideal f\u00fcr Einsteiger und Hobbyb\u00e4cker, die Wert auf nat\u00fcrliche Zutaten und echtes Handwerk legen.<\/p>\n<p>Entdecken Sie, wie erf\u00fcllend es ist, Brot mit Herz und Hand selbst zu backen \u2013 ganz ohne Zusatzstoffe, daf\u00fcr mit viel Geschmack und Liebe zum Detail.<\/p>\n<\/div>\n<\/section>\n<\/div>\n","protected":false},"excerpt":{"rendered":"<p>\u201eKleine Vollkorn-Backstube \u2013 Brotb\u00e4ckerei\u201c l\u00e4dt Sie ein auf eine Reise durch die duftende und vielf\u00e4ltige Welt des Brotbackens. Ob klassisches Weizenbrot, Rosinenstuten oder exotische indische Capatis \u2013 dieses Buch bietet Ihnen eine F\u00fclle an Rezepten und fundiertem Wissen rund um Hefe- und Sauerteigbrote. Mit leicht verst\u00e4ndlichen Anleitungen und praktischen Tipps lernen Sie alles \u00fcber das [&hellip;]<\/p>\n","protected":false},"featured_media":632,"comment_status":"open","ping_status":"closed","template":"","meta":[],"product_brand":[],"product_cat":[27],"product_tag":[29,28,30,31],"class_list":{"0":"post-624","1":"product","2":"type-product","3":"status-publish","4":"has-post-thumbnail","6":"product_cat-buecher","7":"product_tag-boa-vista","8":"product_tag-buch","9":"product_tag-die-kreolische-kueche","10":"product_tag-kochbuch","11":"product_shipping_class-buchversand","13":"first","14":"instock","15":"shipping-taxable","16":"purchasable","17":"product-type-simple"},"_links":{"self":[{"href":"https:\/\/hansmueller-media.de\/index.php?rest_route=\/wp\/v2\/product\/624","targetHints":{"allow":["GET"]}}],"collection":[{"href":"https:\/\/hansmueller-media.de\/index.php?rest_route=\/wp\/v2\/product"}],"about":[{"href":"https:\/\/hansmueller-media.de\/index.php?rest_route=\/wp\/v2\/types\/product"}],"replies":[{"embeddable":true,"href":"https:\/\/hansmueller-media.de\/index.php?rest_route=%2Fwp%2Fv2%2Fcomments&post=624"}],"wp:featuredmedia":[{"embeddable":true,"href":"https:\/\/hansmueller-media.de\/index.php?rest_route=\/wp\/v2\/media\/632"}],"wp:attachment":[{"href":"https:\/\/hansmueller-media.de\/index.php?rest_route=%2Fwp%2Fv2%2Fmedia&parent=624"}],"wp:term":[{"taxonomy":"product_brand","embeddable":true,"href":"https:\/\/hansmueller-media.de\/index.php?rest_route=%2Fwp%2Fv2%2Fproduct_brand&post=624"},{"taxonomy":"product_cat","embeddable":true,"href":"https:\/\/hansmueller-media.de\/index.php?rest_route=%2Fwp%2Fv2%2Fproduct_cat&post=624"},{"taxonomy":"product_tag","embeddable":true,"href":"https:\/\/hansmueller-media.de\/index.php?rest_route=%2Fwp%2Fv2%2Fproduct_tag&post=624"}],"curies":[{"name":"wp","href":"https:\/\/api.w.org\/{rel}","templated":true}]}}