{"id":653,"date":"2026-03-12T14:37:37","date_gmt":"2026-03-12T13:37:37","guid":{"rendered":"https:\/\/hansmueller-media.de\/?post_type=product&#038;p=653"},"modified":"2026-03-17T10:12:09","modified_gmt":"2026-03-17T09:12:09","slug":"so-grillt-das-bergische-land","status":"publish","type":"product","link":"https:\/\/hansmueller-media.de\/?product=so-grillt-das-bergische-land","title":{"rendered":"So grillt das Bergische Land"},"content":{"rendered":"<p>Noch nie war Grillen so einfach!<br \/>\nSchnell in der Zubereitung, unkompliziert beim Grillen.<br \/>\nMit diesen Rezepten machst Du Dich zum Grillmeister und freust Dich \u00fcber ein besonderes Geschmackserlebnis:<br \/>\ngenial, k\u00f6stlich, verf\u00fchrerisch.<br \/>\n\u00dcberrasche Deine G\u00e4ste mit fantastischen Gerichten.<br \/>\nStarte jetzt Dein Projekt. Worauf wartest Du noch?!<\/p>\n","protected":false},"excerpt":{"rendered":"<p>Noch nie war Grillen so einfach! Schnell in der Zubereitung, unkompliziert beim Grillen. Mit diesen Rezepten machst Du Dich zum Grillmeister und freust Dich \u00fcber ein besonderes Geschmackserlebnis: genial, k\u00f6stlich, verf\u00fchrerisch. \u00dcberrasche Deine G\u00e4ste mit fantastischen Gerichten. Starte jetzt Dein Projekt. Worauf wartest Du noch?!<\/p>\n","protected":false},"featured_media":659,"comment_status":"open","ping_status":"closed","template":"","meta":[],"product_brand":[],"product_cat":[27],"product_tag":[29,28,30,31],"class_list":{"0":"post-653","1":"product","2":"type-product","3":"status-publish","4":"has-post-thumbnail","6":"product_cat-buecher","7":"product_tag-boa-vista","8":"product_tag-buch","9":"product_tag-die-kreolische-kueche","10":"product_tag-kochbuch","11":"product_shipping_class-buchversand","13":"first","14":"instock","15":"shipping-taxable","16":"purchasable","17":"product-type-simple"},"_links":{"self":[{"href":"https:\/\/hansmueller-media.de\/index.php?rest_route=\/wp\/v2\/product\/653","targetHints":{"allow":["GET"]}}],"collection":[{"href":"https:\/\/hansmueller-media.de\/index.php?rest_route=\/wp\/v2\/product"}],"about":[{"href":"https:\/\/hansmueller-media.de\/index.php?rest_route=\/wp\/v2\/types\/product"}],"replies":[{"embeddable":true,"href":"https:\/\/hansmueller-media.de\/index.php?rest_route=%2Fwp%2Fv2%2Fcomments&post=653"}],"wp:featuredmedia":[{"embeddable":true,"href":"https:\/\/hansmueller-media.de\/index.php?rest_route=\/wp\/v2\/media\/659"}],"wp:attachment":[{"href":"https:\/\/hansmueller-media.de\/index.php?rest_route=%2Fwp%2Fv2%2Fmedia&parent=653"}],"wp:term":[{"taxonomy":"product_brand","embeddable":true,"href":"https:\/\/hansmueller-media.de\/index.php?rest_route=%2Fwp%2Fv2%2Fproduct_brand&post=653"},{"taxonomy":"product_cat","embeddable":true,"href":"https:\/\/hansmueller-media.de\/index.php?rest_route=%2Fwp%2Fv2%2Fproduct_cat&post=653"},{"taxonomy":"product_tag","embeddable":true,"href":"https:\/\/hansmueller-media.de\/index.php?rest_route=%2Fwp%2Fv2%2Fproduct_tag&post=653"}],"curies":[{"name":"wp","href":"https:\/\/api.w.org\/{rel}","templated":true}]}}